{"id":12,"date":"2024-01-14T12:32:29","date_gmt":"2024-01-14T11:32:29","guid":{"rendered":"https:\/\/apt.webmasterki.pl\/?page_id=12"},"modified":"2024-01-16T14:20:09","modified_gmt":"2024-01-16T13:20:09","slug":"strona-glowna","status":"publish","type":"page","link":"https:\/\/apt.webmasterki.pl\/index.php\/strona-glowna\/","title":{"rendered":"Strona G\u0142\u00f3wna"},"content":{"rendered":"\n<div class=\"wp-block-group has-global-padding is-layout-constrained wp-block-group-is-layout-constrained\" style=\"padding-top:var(--wp--preset--spacing--40);padding-bottom:var(--wp--preset--spacing--40)\">\n<div class=\"wp-block-columns is-layout-flex wp-container-core-columns-is-layout-28f84493 wp-block-columns-is-layout-flex\">\n<div class=\"wp-block-column is-vertically-aligned-center is-layout-flow wp-block-column-is-layout-flow\">\n<h2 class=\"wp-block-heading has-text-align-left\" style=\"font-style:normal;font-weight:700\"><strong>Adoptuj Dzisiaj<br>&#8211; Zmie\u0144 \u017bycie Zwierzaka!<\/strong><\/h2>\n\n\n\n<p>Ciesz si\u0119 rado\u015bci\u0105 niesko\u0144czonej mi\u0142o\u015bci i lojalno\u015bci, adoptuj\u0105c dzisiaj swojego nowego przyjaciela z Przytulne \u0141apki. Ka\u017cda \u0142apka ma swoj\u0105 histori\u0119, a Ty mo\u017cesz by\u0107 cz\u0119\u015bci\u0105 tej wyj\u0105tkowej opowie\u015bci.<\/p>\n\n\n\n<p><strong>Dlaczego Warto Adoptowa\u0107 z Przytulne \u0141apki?<\/strong><\/p>\n\n\n\n<ol class=\"wp-block-list\">\n<li><strong>Dom pe\u0142en Ciep\u0142a:<\/strong> Otw\u00f3rz swoje drzwi dla zwierzaka, kt\u00f3ry t\u0119skni za bezpiecznym i kochaj\u0105cym domem. Tw\u00f3j dom stanie si\u0119 ich nowym miejscem szcz\u0119\u015bcia.<\/li>\n\n\n\n<li><strong>R\u00f3\u017cnorodno\u015b\u0107 \u0141apek:<\/strong> Bez wzgl\u0119du na to, czy szukasz futrzanego przyjaciela, kota pe\u0142nego energii czy psa do spacer\u00f3w, znajdziesz u nas szeroki wyb\u00f3r zwierz\u0105t gotowych do adopcji.<\/li>\n\n\n\n<li><strong>Zmiana \u017bycia:<\/strong> Adopcja to nie tylko dar dla zwierzaka, ale i dla Ciebie. Otw\u00f3rz swoje serce na nowe do\u015bwiadczenia i zobacz, jak Twoje \u017cycie staje si\u0119 pe\u0142niejsze.<\/li>\n<\/ol>\n<\/div>\n\n\n\n<div class=\"wp-block-column is-vertically-aligned-center is-layout-flow wp-block-column-is-layout-flow\">\n<figure class=\"wp-block-image size-large\"><img loading=\"lazy\" decoding=\"async\" width=\"1024\" height=\"1024\" src=\"https:\/\/apt.webmasterki.pl\/wp-content\/uploads\/2024\/01\/pies-1-1024x1024.png\" alt=\"\" class=\"wp-image-75\" srcset=\"https:\/\/apt.webmasterki.pl\/wp-content\/uploads\/2024\/01\/pies-1-1024x1024.png 1024w, https:\/\/apt.webmasterki.pl\/wp-content\/uploads\/2024\/01\/pies-1-300x300.png 300w, https:\/\/apt.webmasterki.pl\/wp-content\/uploads\/2024\/01\/pies-1-150x150.png 150w, https:\/\/apt.webmasterki.pl\/wp-content\/uploads\/2024\/01\/pies-1-768x768.png 768w, https:\/\/apt.webmasterki.pl\/wp-content\/uploads\/2024\/01\/pies-1-1536x1536.png 1536w, https:\/\/apt.webmasterki.pl\/wp-content\/uploads\/2024\/01\/pies-1.png 2000w\" sizes=\"auto, (max-width: 1024px) 100vw, 1024px\" \/><\/figure>\n<\/div>\n<\/div>\n<\/div>\n\n\n\n<div class=\"wp-block-group alignfull has-contrast-3-background-color has-background has-global-padding is-layout-constrained wp-block-group-is-layout-constrained\" style=\"padding-top:var(--wp--preset--spacing--40);padding-bottom:var(--wp--preset--spacing--40)\">\n<div class=\"wp-block-columns are-vertically-aligned-center is-layout-flex wp-container-core-columns-is-layout-7fc3d43a wp-block-columns-is-layout-flex\">\n<div class=\"wp-block-column is-vertically-aligned-center is-layout-flow wp-block-column-is-layout-flow\">\n<figure class=\"wp-block-gallery has-nested-images columns-2 is-cropped wp-block-gallery-1 is-layout-flex wp-block-gallery-is-layout-flex\">\n<figure class=\"wp-block-image size-large\"><img loading=\"lazy\" decoding=\"async\" width=\"1000\" height=\"1000\" data-id=\"79\" src=\"https:\/\/apt.webmasterki.pl\/wp-content\/uploads\/2024\/01\/cute-cat-outdoors-fence.jpg\" alt=\"\" class=\"wp-image-79\" srcset=\"https:\/\/apt.webmasterki.pl\/wp-content\/uploads\/2024\/01\/cute-cat-outdoors-fence.jpg 1000w, https:\/\/apt.webmasterki.pl\/wp-content\/uploads\/2024\/01\/cute-cat-outdoors-fence-300x300.jpg 300w, https:\/\/apt.webmasterki.pl\/wp-content\/uploads\/2024\/01\/cute-cat-outdoors-fence-150x150.jpg 150w, https:\/\/apt.webmasterki.pl\/wp-content\/uploads\/2024\/01\/cute-cat-outdoors-fence-768x768.jpg 768w\" sizes=\"auto, (max-width: 1000px) 100vw, 1000px\" \/><\/figure>\n\n\n\n<figure class=\"wp-block-image size-large\"><img loading=\"lazy\" decoding=\"async\" width=\"800\" height=\"800\" data-id=\"50\" src=\"https:\/\/apt.webmasterki.pl\/wp-content\/uploads\/2024\/01\/cute-rescue-dogs-shelter-waiting-be-adopted-e1705310993477.jpg\" alt=\"\" class=\"wp-image-50\" srcset=\"https:\/\/apt.webmasterki.pl\/wp-content\/uploads\/2024\/01\/cute-rescue-dogs-shelter-waiting-be-adopted-e1705310993477.jpg 800w, https:\/\/apt.webmasterki.pl\/wp-content\/uploads\/2024\/01\/cute-rescue-dogs-shelter-waiting-be-adopted-e1705310993477-300x300.jpg 300w, https:\/\/apt.webmasterki.pl\/wp-content\/uploads\/2024\/01\/cute-rescue-dogs-shelter-waiting-be-adopted-e1705310993477-150x150.jpg 150w, https:\/\/apt.webmasterki.pl\/wp-content\/uploads\/2024\/01\/cute-rescue-dogs-shelter-waiting-be-adopted-e1705310993477-768x768.jpg 768w\" sizes=\"auto, (max-width: 800px) 100vw, 800px\" \/><\/figure>\n\n\n\n<figure class=\"wp-block-image size-large\"><img loading=\"lazy\" decoding=\"async\" width=\"1000\" height=\"1000\" data-id=\"87\" src=\"https:\/\/apt.webmasterki.pl\/wp-content\/uploads\/2024\/01\/cute-dog-shelter-fence-waiting-be-adopted.jpg\" alt=\"\" class=\"wp-image-87\" srcset=\"https:\/\/apt.webmasterki.pl\/wp-content\/uploads\/2024\/01\/cute-dog-shelter-fence-waiting-be-adopted.jpg 1000w, https:\/\/apt.webmasterki.pl\/wp-content\/uploads\/2024\/01\/cute-dog-shelter-fence-waiting-be-adopted-300x300.jpg 300w, https:\/\/apt.webmasterki.pl\/wp-content\/uploads\/2024\/01\/cute-dog-shelter-fence-waiting-be-adopted-150x150.jpg 150w, https:\/\/apt.webmasterki.pl\/wp-content\/uploads\/2024\/01\/cute-dog-shelter-fence-waiting-be-adopted-768x768.jpg 768w\" sizes=\"auto, (max-width: 1000px) 100vw, 1000px\" \/><\/figure>\n\n\n\n<figure class=\"wp-block-image size-large\"><img loading=\"lazy\" decoding=\"async\" width=\"1000\" height=\"1000\" data-id=\"88\" src=\"https:\/\/apt.webmasterki.pl\/wp-content\/uploads\/2024\/01\/portrait-cat-seen-through-chainlink-fence.jpg\" alt=\"\" class=\"wp-image-88\" srcset=\"https:\/\/apt.webmasterki.pl\/wp-content\/uploads\/2024\/01\/portrait-cat-seen-through-chainlink-fence.jpg 1000w, https:\/\/apt.webmasterki.pl\/wp-content\/uploads\/2024\/01\/portrait-cat-seen-through-chainlink-fence-300x300.jpg 300w, https:\/\/apt.webmasterki.pl\/wp-content\/uploads\/2024\/01\/portrait-cat-seen-through-chainlink-fence-150x150.jpg 150w, https:\/\/apt.webmasterki.pl\/wp-content\/uploads\/2024\/01\/portrait-cat-seen-through-chainlink-fence-768x768.jpg 768w\" sizes=\"auto, (max-width: 1000px) 100vw, 1000px\" \/><\/figure>\n<\/figure>\n<\/div>\n\n\n\n<div class=\"wp-block-column is-vertically-aligned-center is-layout-flow wp-block-column-is-layout-flow\" style=\"padding-top:0;padding-bottom:0\">\n<h2 class=\"wp-block-heading\" style=\"font-style:normal;font-weight:700\">Jak Adoptowa\u0107 z Przytulne \u0141apki?<\/h2>\n\n\n\n<ol class=\"wp-block-list\">\n<li><strong>Przegl\u0105daj Galeri\u0119:<\/strong> Przejrzyj nasz\u0105 galeri\u0119 online, pe\u0142n\u0105 uroczych zwierz\u0105t czekaj\u0105cych na dom.<\/li>\n\n\n\n<li><strong>Wype\u0142nij Formularz:<\/strong> Wype\u0142nij formularz adopcyjny, dziel\u0105c si\u0119 swoimi oczekiwaniami i gotowo\u015bci\u0105 do opieki.<\/li>\n\n\n\n<li><strong>Rozmowa z Nami:<\/strong> Skontaktujemy si\u0119 z Tob\u0105, aby om\u00f3wi\u0107 szczeg\u00f3\u0142y, odpowiedzie\u0107 na pytania i pom\u00f3c w wyborze idealnego przyjaciela.<\/li>\n\n\n\n<li><strong>Wizyta w Domu:<\/strong> Um\u00f3w si\u0119 na wizyt\u0119 w domu, aby sprawdzi\u0107 warunki dla zwierzaka i porozmawia\u0107 o detalach adopcji.<\/li>\n\n\n\n<li><strong>Spotkanie Twarz\u0105 w Twarz:<\/strong> Spotkaj si\u0119 osobi\u015bcie z potencjalnym przyjacielem w schronisku, aby przekona\u0107 si\u0119, czy to w\u0142a\u015bnie ta jedyna \u0142apka dla Ciebie.<\/li>\n\n\n\n<li><strong>Podpisanie Umowy:<\/strong> Po pozytywnym spotkaniu podpisz umow\u0119 adopcyjn\u0105 i przywitaj nowego przyjaciela w swoim domu.<\/li>\n<\/ol>\n\n\n\n<div class=\"wp-block-buttons is-layout-flex wp-block-buttons-is-layout-flex\">\n<div class=\"wp-block-button\"><a class=\"wp-block-button__link wp-element-button\">FAQ Adopcji<\/a><\/div>\n<\/div>\n<\/div>\n<\/div>\n<\/div>\n\n\n\n<div class=\"wp-block-group alignfull has-global-padding is-layout-constrained wp-block-group-is-layout-constrained\" style=\"padding-top:var(--wp--preset--spacing--40);padding-bottom:var(--wp--preset--spacing--40)\">\n<div class=\"wp-block-columns are-vertically-aligned-center is-layout-flex wp-container-core-columns-is-layout-7fc3d43a wp-block-columns-is-layout-flex\">\n<div class=\"wp-block-column is-vertically-aligned-center is-layout-flow wp-block-column-is-layout-flow\">\n<figure class=\"wp-block-gallery has-nested-images columns-2 is-cropped wp-block-gallery-2 is-layout-flex wp-block-gallery-is-layout-flex\">\n<figure class=\"wp-block-image size-large\"><img loading=\"lazy\" decoding=\"async\" width=\"1000\" height=\"1000\" data-id=\"79\" src=\"https:\/\/apt.webmasterki.pl\/wp-content\/uploads\/2024\/01\/cute-cat-outdoors-fence.jpg\" alt=\"\" class=\"wp-image-79\" srcset=\"https:\/\/apt.webmasterki.pl\/wp-content\/uploads\/2024\/01\/cute-cat-outdoors-fence.jpg 1000w, https:\/\/apt.webmasterki.pl\/wp-content\/uploads\/2024\/01\/cute-cat-outdoors-fence-300x300.jpg 300w, https:\/\/apt.webmasterki.pl\/wp-content\/uploads\/2024\/01\/cute-cat-outdoors-fence-150x150.jpg 150w, https:\/\/apt.webmasterki.pl\/wp-content\/uploads\/2024\/01\/cute-cat-outdoors-fence-768x768.jpg 768w\" sizes=\"auto, (max-width: 1000px) 100vw, 1000px\" \/><\/figure>\n\n\n\n<figure class=\"wp-block-image size-large\"><img loading=\"lazy\" decoding=\"async\" width=\"800\" height=\"800\" data-id=\"50\" src=\"https:\/\/apt.webmasterki.pl\/wp-content\/uploads\/2024\/01\/cute-rescue-dogs-shelter-waiting-be-adopted-e1705310993477.jpg\" alt=\"\" class=\"wp-image-50\" srcset=\"https:\/\/apt.webmasterki.pl\/wp-content\/uploads\/2024\/01\/cute-rescue-dogs-shelter-waiting-be-adopted-e1705310993477.jpg 800w, https:\/\/apt.webmasterki.pl\/wp-content\/uploads\/2024\/01\/cute-rescue-dogs-shelter-waiting-be-adopted-e1705310993477-300x300.jpg 300w, https:\/\/apt.webmasterki.pl\/wp-content\/uploads\/2024\/01\/cute-rescue-dogs-shelter-waiting-be-adopted-e1705310993477-150x150.jpg 150w, https:\/\/apt.webmasterki.pl\/wp-content\/uploads\/2024\/01\/cute-rescue-dogs-shelter-waiting-be-adopted-e1705310993477-768x768.jpg 768w\" sizes=\"auto, (max-width: 800px) 100vw, 800px\" \/><\/figure>\n\n\n\n<figure class=\"wp-block-image size-large\"><img loading=\"lazy\" decoding=\"async\" width=\"1000\" height=\"1000\" data-id=\"87\" src=\"https:\/\/apt.webmasterki.pl\/wp-content\/uploads\/2024\/01\/cute-dog-shelter-fence-waiting-be-adopted.jpg\" alt=\"\" class=\"wp-image-87\" srcset=\"https:\/\/apt.webmasterki.pl\/wp-content\/uploads\/2024\/01\/cute-dog-shelter-fence-waiting-be-adopted.jpg 1000w, https:\/\/apt.webmasterki.pl\/wp-content\/uploads\/2024\/01\/cute-dog-shelter-fence-waiting-be-adopted-300x300.jpg 300w, https:\/\/apt.webmasterki.pl\/wp-content\/uploads\/2024\/01\/cute-dog-shelter-fence-waiting-be-adopted-150x150.jpg 150w, https:\/\/apt.webmasterki.pl\/wp-content\/uploads\/2024\/01\/cute-dog-shelter-fence-waiting-be-adopted-768x768.jpg 768w\" sizes=\"auto, (max-width: 1000px) 100vw, 1000px\" \/><\/figure>\n\n\n\n<figure class=\"wp-block-image size-large\"><img loading=\"lazy\" decoding=\"async\" width=\"1000\" height=\"1000\" data-id=\"88\" src=\"https:\/\/apt.webmasterki.pl\/wp-content\/uploads\/2024\/01\/portrait-cat-seen-through-chainlink-fence.jpg\" alt=\"\" class=\"wp-image-88\" srcset=\"https:\/\/apt.webmasterki.pl\/wp-content\/uploads\/2024\/01\/portrait-cat-seen-through-chainlink-fence.jpg 1000w, https:\/\/apt.webmasterki.pl\/wp-content\/uploads\/2024\/01\/portrait-cat-seen-through-chainlink-fence-300x300.jpg 300w, https:\/\/apt.webmasterki.pl\/wp-content\/uploads\/2024\/01\/portrait-cat-seen-through-chainlink-fence-150x150.jpg 150w, https:\/\/apt.webmasterki.pl\/wp-content\/uploads\/2024\/01\/portrait-cat-seen-through-chainlink-fence-768x768.jpg 768w\" sizes=\"auto, (max-width: 1000px) 100vw, 1000px\" \/><\/figure>\n<\/figure>\n<\/div>\n\n\n\n<div class=\"wp-block-column is-vertically-aligned-center is-layout-flow wp-block-column-is-layout-flow\" style=\"padding-top:0;padding-bottom:0\">\n<h2 class=\"wp-block-heading\" style=\"font-style:normal;font-weight:700\">Jak Adoptowa\u0107 z Przytulne \u0141apki?<\/h2>\n\n\n\n<ol class=\"wp-block-list\">\n<li><strong>Przegl\u0105daj Galeri\u0119:<\/strong> Przejrzyj nasz\u0105 galeri\u0119 online, pe\u0142n\u0105 uroczych zwierz\u0105t czekaj\u0105cych na dom.<\/li>\n\n\n\n<li><strong>Wype\u0142nij Formularz:<\/strong> Wype\u0142nij formularz adopcyjny, dziel\u0105c si\u0119 swoimi oczekiwaniami i gotowo\u015bci\u0105 do opieki.<\/li>\n\n\n\n<li><strong>Rozmowa z Nami:<\/strong> Skontaktujemy si\u0119 z Tob\u0105, aby om\u00f3wi\u0107 szczeg\u00f3\u0142y, odpowiedzie\u0107 na pytania i pom\u00f3c w wyborze idealnego przyjaciela.<\/li>\n\n\n\n<li><strong>Wizyta w Domu:<\/strong> Um\u00f3w si\u0119 na wizyt\u0119 w domu, aby sprawdzi\u0107 warunki dla zwierzaka i porozmawia\u0107 o detalach adopcji.<\/li>\n\n\n\n<li><strong>Spotkanie Twarz\u0105 w Twarz:<\/strong> Spotkaj si\u0119 osobi\u015bcie z potencjalnym przyjacielem w schronisku, aby przekona\u0107 si\u0119, czy to w\u0142a\u015bnie ta jedyna \u0142apka dla Ciebie.<\/li>\n\n\n\n<li><strong>Podpisanie Umowy:<\/strong> Po pozytywnym spotkaniu podpisz umow\u0119 adopcyjn\u0105 i przywitaj nowego przyjaciela w swoim domu.<\/li>\n<\/ol>\n\n\n\n<div class=\"wp-block-buttons is-layout-flex wp-block-buttons-is-layout-flex\">\n<div class=\"wp-block-button\"><a class=\"wp-block-button__link wp-element-button\">FAQ Adopcji<\/a><\/div>\n<\/div>\n<\/div>\n<\/div>\n<\/div>\n\n\n\n<div class=\"wp-block-group has-global-padding is-layout-constrained wp-container-core-group-is-layout-41c06ba8 wp-block-group-is-layout-constrained\">\n<h2 class=\"wp-block-heading has-text-align-center\"><strong>Jak mo\u017cesz pom\u00f3c?<\/strong><\/h2>\n\n\n\n<p class=\"has-text-align-center\">R\u00f3wnie\u017c Ty mo\u017cesz by\u0107 cz\u0119\u015bci\u0105 tej niesamowitej misji ratowania zwierz\u0105t. Przekrocz pr\u00f3g &#8222;Przytulnych \u0141apek&#8221; i dowiedz si\u0119, w jaki spos\u00f3b mo\u017cesz pom\u00f3c nam tworzy\u0107 wi\u0119cej szcz\u0119\u015bliwych zako\u0144cze\u0144.<\/p>\n<\/div>\n\n\n\n<div class=\"wp-block-columns is-layout-flex wp-container-core-columns-is-layout-28f84493 wp-block-columns-is-layout-flex\">\n<div class=\"wp-block-column is-layout-flow wp-block-column-is-layout-flow\"><\/div>\n\n\n\n<div class=\"wp-block-column is-layout-flow wp-block-column-is-layout-flow\"><\/div>\n\n\n\n<div class=\"wp-block-column is-layout-flow wp-block-column-is-layout-flow\"><\/div>\n<\/div>\n","protected":false},"excerpt":{"rendered":"<p>Adoptuj Dzisiaj&#8211; Zmie\u0144 \u017bycie Zwierzaka! Ciesz si\u0119 rado\u015bci\u0105 niesko\u0144czonej mi\u0142o\u015bci i lojalno\u015bci, adoptuj\u0105c dzisiaj swojego nowego przyjaciela z Przytulne \u0141apki. Ka\u017cda \u0142apka ma swoj\u0105 histori\u0119, a Ty mo\u017cesz by\u0107 cz\u0119\u015bci\u0105 tej wyj\u0105tkowej opowie\u015bci. Dlaczego Warto Adoptowa\u0107 z Przytulne \u0141apki? Jak Adoptowa\u0107 z Przytulne \u0141apki? Jak Adoptowa\u0107 z Przytulne \u0141apki? Jak mo\u017cesz pom\u00f3c? R\u00f3wnie\u017c Ty mo\u017cesz [&hellip;]<\/p>\n","protected":false},"author":1,"featured_media":0,"parent":0,"menu_order":0,"comment_status":"closed","ping_status":"closed","template":"","meta":{"footnotes":""},"class_list":["post-12","page","type-page","status-publish","hentry"],"_links":{"self":[{"href":"https:\/\/apt.webmasterki.pl\/index.php\/wp-json\/wp\/v2\/pages\/12","targetHints":{"allow":["GET"]}}],"collection":[{"href":"https:\/\/apt.webmasterki.pl\/index.php\/wp-json\/wp\/v2\/pages"}],"about":[{"href":"https:\/\/apt.webmasterki.pl\/index.php\/wp-json\/wp\/v2\/types\/page"}],"author":[{"embeddable":true,"href":"https:\/\/apt.webmasterki.pl\/index.php\/wp-json\/wp\/v2\/users\/1"}],"replies":[{"embeddable":true,"href":"https:\/\/apt.webmasterki.pl\/index.php\/wp-json\/wp\/v2\/comments?post=12"}],"version-history":[{"count":38,"href":"https:\/\/apt.webmasterki.pl\/index.php\/wp-json\/wp\/v2\/pages\/12\/revisions"}],"predecessor-version":[{"id":97,"href":"https:\/\/apt.webmasterki.pl\/index.php\/wp-json\/wp\/v2\/pages\/12\/revisions\/97"}],"wp:attachment":[{"href":"https:\/\/apt.webmasterki.pl\/index.php\/wp-json\/wp\/v2\/media?parent=12"}],"curies":[{"name":"wp","href":"https:\/\/api.w.org\/{rel}","templated":true}]}}